{"id":52,"date":"2024-05-29T15:11:26","date_gmt":"2024-05-29T13:11:26","guid":{"rendered":"https:\/\/www.cliniquedentairedenimes.fr\/?page_id=52"},"modified":"2025-03-18T15:57:10","modified_gmt":"2025-03-18T14:57:10","slug":"mentions-legales","status":"publish","type":"page","link":"https:\/\/www.cliniquedentairedenimes.fr\/index.php\/mentions-legales\/","title":{"rendered":"Mentions l\u00e9gales"},"content":{"rendered":"\t\t<div data-elementor-type=\"wp-page\" data-elementor-id=\"52\" class=\"elementor elementor-52\" data-elementor-post-type=\"page\">\n\t\t\t\t<div class=\"elementor-element elementor-element-7e28c20 e-flex e-con-boxed e-con e-parent\" data-id=\"7e28c20\" data-element_type=\"container\">\n\t\t\t\t\t<div class=\"e-con-inner\">\n\t\t\t\t<div class=\"elementor-element elementor-element-3e18b15 elementor-widget elementor-widget-heading\" data-id=\"3e18b15\" data-element_type=\"widget\" data-widget_type=\"heading.default\">\n\t\t\t\t<div class=\"elementor-widget-container\">\n\t\t\t\t\t<h1 class=\"elementor-heading-title elementor-size-default\">Mentions L\u00e9gales<\/h1>\t\t\t\t<\/div>\n\t\t\t\t<\/div>\n\t\t\t\t<div class=\"elementor-element elementor-element-b392888 elementor-widget elementor-widget-heading\" data-id=\"b392888\" data-element_type=\"widget\" data-widget_type=\"heading.default\">\n\t\t\t\t<div class=\"elementor-widget-container\">\n\t\t\t\t\t<h2 class=\"elementor-heading-title elementor-size-default\">Clinique Dentaire de N\u00eemes <\/h2>\t\t\t\t<\/div>\n\t\t\t\t<\/div>\n\t\t\t\t<div class=\"elementor-element elementor-element-ad7e03d elementor-widget elementor-widget-text-editor\" data-id=\"ad7e03d\" data-element_type=\"widget\" data-widget_type=\"text-editor.default\">\n\t\t\t\t<div class=\"elementor-widget-container\">\n\t\t\t\t\t\t\t\t\t<ul><li>D\u00e9nomination Sociale : CHABADEL<\/li><li>Forme Juridique : Soci\u00e9t\u00e9 d&rsquo;exercice lib\u00e9ral \u00e0 responsabilit\u00e9 limit\u00e9e<\/li><li>Adresse Si\u00e8ge Social : 34 RUE RUFFI, 30000 NIMES France<\/li><li>Montant Capital Social : 7500,00<\/li><li>E-mail : chabadel.secretariat@gmail.com<\/li><li>Num\u00e9ro de t\u00e9l\u00e9phone : 04 66 67 20 97<\/li><li>Num\u00e9ro d&rsquo;identification TVA : FR51487425886<\/li><\/ul>\t\t\t\t\t\t\t\t<\/div>\n\t\t\t\t<\/div>\n\t\t\t\t<div class=\"elementor-element elementor-element-3e9a149 elementor-widget elementor-widget-heading\" data-id=\"3e9a149\" data-element_type=\"widget\" data-widget_type=\"heading.default\">\n\t\t\t\t<div class=\"elementor-widget-container\">\n\t\t\t\t\t<h2 class=\"elementor-heading-title elementor-size-default\">H\u00e9bergeur<\/h2>\t\t\t\t<\/div>\n\t\t\t\t<\/div>\n\t\t\t\t<div class=\"elementor-element elementor-element-a9757cd elementor-widget elementor-widget-text-editor\" data-id=\"a9757cd\" data-element_type=\"widget\" data-widget_type=\"text-editor.default\">\n\t\t\t\t<div class=\"elementor-widget-container\">\n\t\t\t\t\t\t\t\t\t<ul><li>D\u00e9nomination Sociale : OVH<\/li><li>Forme Juridique : SAS<\/li><li>Adresse Si\u00e8ge Social : 2 rue Kellermann, 59100 Roubaix<\/li><li>Num\u00e9ro de t\u00e9l\u00e9phone : <span aria-label=\"Appeler le 1007\">1007<\/span><\/li><\/ul>\t\t\t\t\t\t\t\t<\/div>\n\t\t\t\t<\/div>\n\t\t\t\t<div class=\"elementor-element elementor-element-fd74b19 elementor-widget elementor-widget-heading\" data-id=\"fd74b19\" data-element_type=\"widget\" data-widget_type=\"heading.default\">\n\t\t\t\t<div class=\"elementor-widget-container\">\n\t\t\t\t\t<h2 class=\"elementor-heading-title elementor-size-default\">Donn\u00e9e Personnelle<\/h2>\t\t\t\t<\/div>\n\t\t\t\t<\/div>\n\t\t\t\t<div class=\"elementor-element elementor-element-760ce08 elementor-widget elementor-widget-text-editor\" data-id=\"760ce08\" data-element_type=\"widget\" data-widget_type=\"text-editor.default\">\n\t\t\t\t<div class=\"elementor-widget-container\">\n\t\t\t\t\t\t\t\t\t<p class=\"p1\">Nous accordons une importance primordiale \u00e0 la protection de vos donn\u00e9es personnelles. C\u2019est pourquoi notre site web ne collecte aucune donn\u00e9e personnelle lors de votre navigation.<\/p><ul><li class=\"p2\">Aucune inscription ou cr\u00e9ation de compte n\u2019est requise.<\/li><li class=\"p2\">Aucun formulaire ne vous demande d\u2019informations personnelles.<\/li><li class=\"p2\">Aucun cookie de suivi ou de publicit\u00e9 n\u2019est utilis\u00e9.<\/li><\/ul>\t\t\t\t\t\t\t\t<\/div>\n\t\t\t\t<\/div>\n\t\t\t\t\t<\/div>\n\t\t\t\t<\/div>\n\t\t\t\t<\/div>\n\t\t","protected":false},"excerpt":{"rendered":"<p>Mentions L\u00e9gales Clinique Dentaire de N\u00eemes D\u00e9nomination Sociale : CHABADEL Forme Juridique : Soci\u00e9t\u00e9 d&rsquo;exercice lib\u00e9ral \u00e0 responsabilit\u00e9 limit\u00e9e Adresse Si\u00e8ge Social : 34 RUE RUFFI, 30000 NIMES France Montant Capital Social : 7500,00 E-mail : chabadel.secretariat@gmail.com Num\u00e9ro de t\u00e9l\u00e9phone : 04 66 67 20 97 Num\u00e9ro d&rsquo;identification TVA : FR51487425886 H\u00e9bergeur D\u00e9nomination Sociale : [&hellip;]<\/p>\n","protected":false},"author":1,"featured_media":0,"parent":0,"menu_order":0,"comment_status":"closed","ping_status":"closed","template":"","meta":{"footnotes":""},"class_list":["post-52","page","type-page","status-publish","hentry","entry"],"yoast_head":"<!-- This site is optimized with the Yoast SEO plugin v25.1 - https:\/\/yoast.com\/wordpress\/plugins\/seo\/ -->\n<title>Mentions l\u00e9gales - Clinique Dentaire de N\u00eemes<\/title>\n<meta name=\"robots\" content=\"noindex, nofollow\" \/>\n<meta property=\"og:locale\" content=\"fr_FR\" \/>\n<meta property=\"og:type\" content=\"article\" \/>\n<meta property=\"og:title\" content=\"Mentions l\u00e9gales - Clinique Dentaire de N\u00eemes\" \/>\n<meta property=\"og:description\" content=\"Mentions L\u00e9gales Clinique Dentaire de N\u00eemes D\u00e9nomination Sociale : CHABADEL Forme Juridique : Soci\u00e9t\u00e9 d&rsquo;exercice lib\u00e9ral \u00e0 responsabilit\u00e9 limit\u00e9e Adresse Si\u00e8ge Social : 34 RUE RUFFI, 30000 NIMES France Montant Capital Social : 7500,00 E-mail : chabadel.secretariat@gmail.com Num\u00e9ro de t\u00e9l\u00e9phone : 04 66 67 20 97 Num\u00e9ro d&rsquo;identification TVA : FR51487425886 H\u00e9bergeur D\u00e9nomination Sociale : [&hellip;]\" \/>\n<meta property=\"og:url\" content=\"https:\/\/www.cliniquedentairedenimes.fr\/index.php\/mentions-legales\/\" \/>\n<meta property=\"og:site_name\" content=\"Clinique Dentaire de N\u00eemes\" \/>\n<meta property=\"article:modified_time\" content=\"2025-03-18T14:57:10+00:00\" \/>\n<meta name=\"twitter:card\" content=\"summary_large_image\" \/>\n<meta name=\"twitter:label1\" content=\"Dur\u00e9e de lecture estim\u00e9e\" \/>\n\t<meta name=\"twitter:data1\" content=\"1 minute\" \/>\n<script type=\"application\/ld+json\" class=\"yoast-schema-graph\">{\"@context\":\"https:\/\/schema.org\",\"@graph\":[{\"@type\":\"WebPage\",\"@id\":\"https:\/\/www.cliniquedentairedenimes.fr\/index.php\/mentions-legales\/\",\"url\":\"https:\/\/www.cliniquedentairedenimes.fr\/index.php\/mentions-legales\/\",\"name\":\"Mentions l\u00e9gales - Clinique Dentaire de N\u00eemes\",\"isPartOf\":{\"@id\":\"https:\/\/www.cliniquedentairedenimes.fr\/#website\"},\"datePublished\":\"2024-05-29T13:11:26+00:00\",\"dateModified\":\"2025-03-18T14:57:10+00:00\",\"breadcrumb\":{\"@id\":\"https:\/\/www.cliniquedentairedenimes.fr\/index.php\/mentions-legales\/#breadcrumb\"},\"inLanguage\":\"fr-FR\",\"potentialAction\":[{\"@type\":\"ReadAction\",\"target\":[\"https:\/\/www.cliniquedentairedenimes.fr\/index.php\/mentions-legales\/\"]}]},{\"@type\":\"BreadcrumbList\",\"@id\":\"https:\/\/www.cliniquedentairedenimes.fr\/index.php\/mentions-legales\/#breadcrumb\",\"itemListElement\":[{\"@type\":\"ListItem\",\"position\":1,\"name\":\"Accueil\",\"item\":\"https:\/\/www.cliniquedentairedenimes.fr\/\"},{\"@type\":\"ListItem\",\"position\":2,\"name\":\"Mentions l\u00e9gales\"}]},{\"@type\":\"WebSite\",\"@id\":\"https:\/\/www.cliniquedentairedenimes.fr\/#website\",\"url\":\"https:\/\/www.cliniquedentairedenimes.fr\/\",\"name\":\"Clinique Dentaire de N\u00eemes\",\"description\":\"Des soins dentaires par excellence\",\"publisher\":{\"@id\":\"https:\/\/www.cliniquedentairedenimes.fr\/#organization\"},\"potentialAction\":[{\"@type\":\"SearchAction\",\"target\":{\"@type\":\"EntryPoint\",\"urlTemplate\":\"https:\/\/www.cliniquedentairedenimes.fr\/?s={search_term_string}\"},\"query-input\":{\"@type\":\"PropertyValueSpecification\",\"valueRequired\":true,\"valueName\":\"search_term_string\"}}],\"inLanguage\":\"fr-FR\"},{\"@type\":\"Organization\",\"@id\":\"https:\/\/www.cliniquedentairedenimes.fr\/#organization\",\"name\":\"Clinique Dentaire de N\u00eemes\",\"url\":\"https:\/\/www.cliniquedentairedenimes.fr\/\",\"logo\":{\"@type\":\"ImageObject\",\"inLanguage\":\"fr-FR\",\"@id\":\"https:\/\/www.cliniquedentairedenimes.fr\/#\/schema\/logo\/image\/\",\"url\":\"https:\/\/www.cliniquedentairedenimes.fr\/wp-content\/uploads\/2024\/05\/Clinique-dentaire-de-nimes-vector-cec76c.svg\",\"contentUrl\":\"https:\/\/www.cliniquedentairedenimes.fr\/wp-content\/uploads\/2024\/05\/Clinique-dentaire-de-nimes-vector-cec76c.svg\",\"width\":1122,\"height\":425,\"caption\":\"Clinique Dentaire de N\u00eemes \"},\"image\":{\"@id\":\"https:\/\/www.cliniquedentairedenimes.fr\/#\/schema\/logo\/image\/\"}}]}<\/script>\n<!-- \/ Yoast SEO plugin. -->","yoast_head_json":{"title":"Mentions l\u00e9gales - Clinique Dentaire de N\u00eemes","robots":{"index":"noindex","follow":"nofollow"},"og_locale":"fr_FR","og_type":"article","og_title":"Mentions l\u00e9gales - Clinique Dentaire de N\u00eemes","og_description":"Mentions L\u00e9gales Clinique Dentaire de N\u00eemes D\u00e9nomination Sociale : CHABADEL Forme Juridique : Soci\u00e9t\u00e9 d&rsquo;exercice lib\u00e9ral \u00e0 responsabilit\u00e9 limit\u00e9e Adresse Si\u00e8ge Social : 34 RUE RUFFI, 30000 NIMES France Montant Capital Social : 7500,00 E-mail : chabadel.secretariat@gmail.com Num\u00e9ro de t\u00e9l\u00e9phone : 04 66 67 20 97 Num\u00e9ro d&rsquo;identification TVA : FR51487425886 H\u00e9bergeur D\u00e9nomination Sociale : [&hellip;]","og_url":"https:\/\/www.cliniquedentairedenimes.fr\/index.php\/mentions-legales\/","og_site_name":"Clinique Dentaire de N\u00eemes","article_modified_time":"2025-03-18T14:57:10+00:00","twitter_card":"summary_large_image","twitter_misc":{"Dur\u00e9e de lecture estim\u00e9e":"1 minute"},"schema":{"@context":"https:\/\/schema.org","@graph":[{"@type":"WebPage","@id":"https:\/\/www.cliniquedentairedenimes.fr\/index.php\/mentions-legales\/","url":"https:\/\/www.cliniquedentairedenimes.fr\/index.php\/mentions-legales\/","name":"Mentions l\u00e9gales - Clinique Dentaire de N\u00eemes","isPartOf":{"@id":"https:\/\/www.cliniquedentairedenimes.fr\/#website"},"datePublished":"2024-05-29T13:11:26+00:00","dateModified":"2025-03-18T14:57:10+00:00","breadcrumb":{"@id":"https:\/\/www.cliniquedentairedenimes.fr\/index.php\/mentions-legales\/#breadcrumb"},"inLanguage":"fr-FR","potentialAction":[{"@type":"ReadAction","target":["https:\/\/www.cliniquedentairedenimes.fr\/index.php\/mentions-legales\/"]}]},{"@type":"BreadcrumbList","@id":"https:\/\/www.cliniquedentairedenimes.fr\/index.php\/mentions-legales\/#breadcrumb","itemListElement":[{"@type":"ListItem","position":1,"name":"Accueil","item":"https:\/\/www.cliniquedentairedenimes.fr\/"},{"@type":"ListItem","position":2,"name":"Mentions l\u00e9gales"}]},{"@type":"WebSite","@id":"https:\/\/www.cliniquedentairedenimes.fr\/#website","url":"https:\/\/www.cliniquedentairedenimes.fr\/","name":"Clinique Dentaire de N\u00eemes","description":"Des soins dentaires par excellence","publisher":{"@id":"https:\/\/www.cliniquedentairedenimes.fr\/#organization"},"potentialAction":[{"@type":"SearchAction","target":{"@type":"EntryPoint","urlTemplate":"https:\/\/www.cliniquedentairedenimes.fr\/?s={search_term_string}"},"query-input":{"@type":"PropertyValueSpecification","valueRequired":true,"valueName":"search_term_string"}}],"inLanguage":"fr-FR"},{"@type":"Organization","@id":"https:\/\/www.cliniquedentairedenimes.fr\/#organization","name":"Clinique Dentaire de N\u00eemes","url":"https:\/\/www.cliniquedentairedenimes.fr\/","logo":{"@type":"ImageObject","inLanguage":"fr-FR","@id":"https:\/\/www.cliniquedentairedenimes.fr\/#\/schema\/logo\/image\/","url":"https:\/\/www.cliniquedentairedenimes.fr\/wp-content\/uploads\/2024\/05\/Clinique-dentaire-de-nimes-vector-cec76c.svg","contentUrl":"https:\/\/www.cliniquedentairedenimes.fr\/wp-content\/uploads\/2024\/05\/Clinique-dentaire-de-nimes-vector-cec76c.svg","width":1122,"height":425,"caption":"Clinique Dentaire de N\u00eemes "},"image":{"@id":"https:\/\/www.cliniquedentairedenimes.fr\/#\/schema\/logo\/image\/"}}]}},"_links":{"self":[{"href":"https:\/\/www.cliniquedentairedenimes.fr\/index.php\/wp-json\/wp\/v2\/pages\/52","targetHints":{"allow":["GET"]}}],"collection":[{"href":"https:\/\/www.cliniquedentairedenimes.fr\/index.php\/wp-json\/wp\/v2\/pages"}],"about":[{"href":"https:\/\/www.cliniquedentairedenimes.fr\/index.php\/wp-json\/wp\/v2\/types\/page"}],"author":[{"embeddable":true,"href":"https:\/\/www.cliniquedentairedenimes.fr\/index.php\/wp-json\/wp\/v2\/users\/1"}],"replies":[{"embeddable":true,"href":"https:\/\/www.cliniquedentairedenimes.fr\/index.php\/wp-json\/wp\/v2\/comments?post=52"}],"version-history":[{"count":22,"href":"https:\/\/www.cliniquedentairedenimes.fr\/index.php\/wp-json\/wp\/v2\/pages\/52\/revisions"}],"predecessor-version":[{"id":3275,"href":"https:\/\/www.cliniquedentairedenimes.fr\/index.php\/wp-json\/wp\/v2\/pages\/52\/revisions\/3275"}],"wp:attachment":[{"href":"https:\/\/www.cliniquedentairedenimes.fr\/index.php\/wp-json\/wp\/v2\/media?parent=52"}],"curies":[{"name":"wp","href":"https:\/\/api.w.org\/{rel}","templated":true}]}}