{"id":14,"date":"2024-05-29T14:55:01","date_gmt":"2024-05-29T12:55:01","guid":{"rendered":"https:\/\/www.cliniquedentairedenimes.fr\/?page_id=14"},"modified":"2025-03-18T15:59:08","modified_gmt":"2025-03-18T14:59:08","slug":"traitement-dentaire","status":"publish","type":"page","link":"https:\/\/www.cliniquedentairedenimes.fr\/index.php\/traitement-dentaire\/","title":{"rendered":"Nos traitements"},"content":{"rendered":"\t\t<div data-elementor-type=\"wp-page\" data-elementor-id=\"14\" class=\"elementor elementor-14\" data-elementor-post-type=\"page\">\n\t\t\t\t<div class=\"elementor-element elementor-element-265907a e-flex e-con-boxed e-con e-parent\" data-id=\"265907a\" data-element_type=\"container\">\n\t\t\t\t\t<div class=\"e-con-inner\">\n\t\t\t\t<div class=\"elementor-element elementor-element-c2ba46c elementor-widget elementor-widget-heading\" data-id=\"c2ba46c\" data-element_type=\"widget\" data-widget_type=\"heading.default\">\n\t\t\t\t<div class=\"elementor-widget-container\">\n\t\t\t\t\t<h1 class=\"elementor-heading-title elementor-size-default\">Nos Soins<\/h1>\t\t\t\t<\/div>\n\t\t\t\t<\/div>\n\t\t\t\t\t<\/div>\n\t\t\t\t<\/div>\n\t\t<div class=\"elementor-element elementor-element-1c73de2 e-flex e-con-boxed e-con e-parent\" data-id=\"1c73de2\" data-element_type=\"container\" data-settings=\"{&quot;background_background&quot;:&quot;classic&quot;}\">\n\t\t\t\t\t<div class=\"e-con-inner\">\n\t\t<div class=\"elementor-element elementor-element-aa58a2c e-con-full e-flex e-con e-child\" data-id=\"aa58a2c\" data-element_type=\"container\" data-settings=\"{&quot;background_background&quot;:&quot;classic&quot;}\">\n\t\t\t\t<div class=\"elementor-element elementor-element-1293288 elementor-widget elementor-widget-heading\" data-id=\"1293288\" data-element_type=\"widget\" data-widget_type=\"heading.default\">\n\t\t\t\t<div class=\"elementor-widget-container\">\n\t\t\t\t\t<h3 class=\"elementor-heading-title elementor-size-default\">Implantologie<\/h3>\t\t\t\t<\/div>\n\t\t\t\t<\/div>\n\t\t\t\t<div class=\"elementor-element elementor-element-9b0330e elementor-align-center elementor-widget elementor-widget-button\" data-id=\"9b0330e\" data-element_type=\"widget\" data-widget_type=\"button.default\">\n\t\t\t\t<div class=\"elementor-widget-container\">\n\t\t\t\t\t\t\t\t\t<div class=\"elementor-button-wrapper\">\n\t\t\t\t\t<a class=\"elementor-button elementor-button-link elementor-size-sm elementor-animation-shrink\" href=\"https:\/\/www.cliniquedentairedenimes.fr\/index.php\/implantologie\/\">\n\t\t\t\t\t\t<span class=\"elementor-button-content-wrapper\">\n\t\t\t\t\t\t\t\t\t<span class=\"elementor-button-text\">En savoir plus <\/span>\n\t\t\t\t\t<\/span>\n\t\t\t\t\t<\/a>\n\t\t\t\t<\/div>\n\t\t\t\t\t\t\t\t<\/div>\n\t\t\t\t<\/div>\n\t\t\t\t<\/div>\n\t\t<div class=\"elementor-element elementor-element-c20fb67 e-con-full e-flex e-con e-child\" data-id=\"c20fb67\" data-element_type=\"container\" data-settings=\"{&quot;background_background&quot;:&quot;classic&quot;}\">\n\t\t\t\t<div class=\"elementor-element elementor-element-8e7baba elementor-widget elementor-widget-heading\" data-id=\"8e7baba\" data-element_type=\"widget\" data-widget_type=\"heading.default\">\n\t\t\t\t<div class=\"elementor-widget-container\">\n\t\t\t\t\t<h3 class=\"elementor-heading-title elementor-size-default\">Parodontologie<\/h3>\t\t\t\t<\/div>\n\t\t\t\t<\/div>\n\t\t\t\t<div class=\"elementor-element elementor-element-98513aa elementor-align-center elementor-widget elementor-widget-button\" data-id=\"98513aa\" data-element_type=\"widget\" data-widget_type=\"button.default\">\n\t\t\t\t<div class=\"elementor-widget-container\">\n\t\t\t\t\t\t\t\t\t<div class=\"elementor-button-wrapper\">\n\t\t\t\t\t<a class=\"elementor-button elementor-button-link elementor-size-sm elementor-animation-shrink\" href=\"https:\/\/www.cliniquedentairedenimes.fr\/index.php\/parodontologie\/\">\n\t\t\t\t\t\t<span class=\"elementor-button-content-wrapper\">\n\t\t\t\t\t\t\t\t\t<span class=\"elementor-button-text\">En savoir plus <\/span>\n\t\t\t\t\t<\/span>\n\t\t\t\t\t<\/a>\n\t\t\t\t<\/div>\n\t\t\t\t\t\t\t\t<\/div>\n\t\t\t\t<\/div>\n\t\t\t\t<\/div>\n\t\t\t\t\t<\/div>\n\t\t\t\t<\/div>\n\t\t<div class=\"elementor-element elementor-element-af48263 e-flex e-con-boxed e-con e-parent\" data-id=\"af48263\" data-element_type=\"container\" data-settings=\"{&quot;background_background&quot;:&quot;classic&quot;}\">\n\t\t\t\t\t<div class=\"e-con-inner\">\n\t\t<div class=\"elementor-element elementor-element-2299a45 e-con-full e-flex e-con e-child\" data-id=\"2299a45\" data-element_type=\"container\" data-settings=\"{&quot;background_background&quot;:&quot;classic&quot;}\">\n\t\t\t\t<div class=\"elementor-element elementor-element-d4b336b elementor-widget elementor-widget-heading\" data-id=\"d4b336b\" data-element_type=\"widget\" data-widget_type=\"heading.default\">\n\t\t\t\t<div class=\"elementor-widget-container\">\n\t\t\t\t\t<h3 class=\"elementor-heading-title elementor-size-default\">P\u00e9dodontie<\/h3>\t\t\t\t<\/div>\n\t\t\t\t<\/div>\n\t\t\t\t<div class=\"elementor-element elementor-element-7a9cd31 elementor-align-center elementor-widget elementor-widget-button\" data-id=\"7a9cd31\" data-element_type=\"widget\" data-widget_type=\"button.default\">\n\t\t\t\t<div class=\"elementor-widget-container\">\n\t\t\t\t\t\t\t\t\t<div class=\"elementor-button-wrapper\">\n\t\t\t\t\t<a class=\"elementor-button elementor-button-link elementor-size-sm elementor-animation-shrink\" href=\"https:\/\/www.cliniquedentairedenimes.fr\/index.php\/pedodontie\/\">\n\t\t\t\t\t\t<span class=\"elementor-button-content-wrapper\">\n\t\t\t\t\t\t\t\t\t<span class=\"elementor-button-text\">En savoir plus <\/span>\n\t\t\t\t\t<\/span>\n\t\t\t\t\t<\/a>\n\t\t\t\t<\/div>\n\t\t\t\t\t\t\t\t<\/div>\n\t\t\t\t<\/div>\n\t\t\t\t<\/div>\n\t\t<div class=\"elementor-element elementor-element-e6cac89 e-con-full e-flex e-con e-child\" data-id=\"e6cac89\" data-element_type=\"container\" data-settings=\"{&quot;background_background&quot;:&quot;classic&quot;}\">\n\t\t\t\t<div class=\"elementor-element elementor-element-ec5eaae elementor-widget elementor-widget-heading\" data-id=\"ec5eaae\" data-element_type=\"widget\" data-widget_type=\"heading.default\">\n\t\t\t\t<div class=\"elementor-widget-container\">\n\t\t\t\t\t<h3 class=\"elementor-heading-title elementor-size-default\">Endodontie<\/h3>\t\t\t\t<\/div>\n\t\t\t\t<\/div>\n\t\t\t\t<div class=\"elementor-element elementor-element-9f97f72 elementor-align-center elementor-widget elementor-widget-button\" data-id=\"9f97f72\" data-element_type=\"widget\" data-widget_type=\"button.default\">\n\t\t\t\t<div class=\"elementor-widget-container\">\n\t\t\t\t\t\t\t\t\t<div class=\"elementor-button-wrapper\">\n\t\t\t\t\t<a class=\"elementor-button elementor-button-link elementor-size-sm elementor-animation-shrink\" href=\"https:\/\/www.cliniquedentairedenimes.fr\/index.php\/endodontie\/\">\n\t\t\t\t\t\t<span class=\"elementor-button-content-wrapper\">\n\t\t\t\t\t\t\t\t\t<span class=\"elementor-button-text\">En savoir plus <\/span>\n\t\t\t\t\t<\/span>\n\t\t\t\t\t<\/a>\n\t\t\t\t<\/div>\n\t\t\t\t\t\t\t\t<\/div>\n\t\t\t\t<\/div>\n\t\t\t\t<\/div>\n\t\t\t\t\t<\/div>\n\t\t\t\t<\/div>\n\t\t<div class=\"elementor-element elementor-element-e2062f6 e-flex e-con-boxed e-con e-parent\" data-id=\"e2062f6\" data-element_type=\"container\" data-settings=\"{&quot;background_background&quot;:&quot;classic&quot;}\">\n\t\t\t\t\t<div class=\"e-con-inner\">\n\t\t<div class=\"elementor-element elementor-element-cb83fe8 e-con-full e-flex e-con e-child\" data-id=\"cb83fe8\" data-element_type=\"container\" data-settings=\"{&quot;background_background&quot;:&quot;classic&quot;}\">\n\t\t\t\t<div class=\"elementor-element elementor-element-67c66da elementor-widget elementor-widget-heading\" data-id=\"67c66da\" data-element_type=\"widget\" data-widget_type=\"heading.default\">\n\t\t\t\t<div class=\"elementor-widget-container\">\n\t\t\t\t\t<h3 class=\"elementor-heading-title elementor-size-default\">Orth\u00e8se Avanc\u00e9e Mandibulaire<\/h3>\t\t\t\t<\/div>\n\t\t\t\t<\/div>\n\t\t\t\t<div class=\"elementor-element elementor-element-f6eff50 elementor-align-center elementor-widget elementor-widget-button\" data-id=\"f6eff50\" data-element_type=\"widget\" data-widget_type=\"button.default\">\n\t\t\t\t<div class=\"elementor-widget-container\">\n\t\t\t\t\t\t\t\t\t<div class=\"elementor-button-wrapper\">\n\t\t\t\t\t<a class=\"elementor-button elementor-button-link elementor-size-sm elementor-animation-shrink\" href=\"https:\/\/www.cliniquedentairedenimes.fr\/index.php\/orthese-davancee-mandibulaire\/\">\n\t\t\t\t\t\t<span class=\"elementor-button-content-wrapper\">\n\t\t\t\t\t\t\t\t\t<span class=\"elementor-button-text\">En savoir plus <\/span>\n\t\t\t\t\t<\/span>\n\t\t\t\t\t<\/a>\n\t\t\t\t<\/div>\n\t\t\t\t\t\t\t\t<\/div>\n\t\t\t\t<\/div>\n\t\t\t\t<\/div>\n\t\t<div class=\"elementor-element elementor-element-a70d44e e-con-full e-flex e-con e-child\" data-id=\"a70d44e\" data-element_type=\"container\" data-settings=\"{&quot;background_background&quot;:&quot;classic&quot;}\">\n\t\t\t\t<div class=\"elementor-element elementor-element-d2a6bd6 elementor-widget elementor-widget-heading\" data-id=\"d2a6bd6\" data-element_type=\"widget\" data-widget_type=\"heading.default\">\n\t\t\t\t<div class=\"elementor-widget-container\">\n\t\t\t\t\t<h3 class=\"elementor-heading-title elementor-size-default\">R\u00e9habilitation proth\u00e9tique <\/h3>\t\t\t\t<\/div>\n\t\t\t\t<\/div>\n\t\t\t\t<div class=\"elementor-element elementor-element-333bb0e elementor-align-center elementor-widget elementor-widget-button\" data-id=\"333bb0e\" data-element_type=\"widget\" data-widget_type=\"button.default\">\n\t\t\t\t<div class=\"elementor-widget-container\">\n\t\t\t\t\t\t\t\t\t<div class=\"elementor-button-wrapper\">\n\t\t\t\t\t<a class=\"elementor-button elementor-button-link elementor-size-sm elementor-animation-shrink\" href=\"https:\/\/www.cliniquedentairedenimes.fr\/index.php\/rehabilitation-prothetique\/\">\n\t\t\t\t\t\t<span class=\"elementor-button-content-wrapper\">\n\t\t\t\t\t\t\t\t\t<span class=\"elementor-button-text\">En savoir plus <\/span>\n\t\t\t\t\t<\/span>\n\t\t\t\t\t<\/a>\n\t\t\t\t<\/div>\n\t\t\t\t\t\t\t\t<\/div>\n\t\t\t\t<\/div>\n\t\t\t\t<\/div>\n\t\t\t\t\t<\/div>\n\t\t\t\t<\/div>\n\t\t<div class=\"elementor-element elementor-element-a1b7037 e-flex e-con-boxed e-con e-parent\" data-id=\"a1b7037\" data-element_type=\"container\" data-settings=\"{&quot;background_background&quot;:&quot;classic&quot;}\">\n\t\t\t\t\t<div class=\"e-con-inner\">\n\t\t<div class=\"elementor-element elementor-element-15b24ab e-con-full e-flex e-con e-child\" data-id=\"15b24ab\" data-element_type=\"container\" data-settings=\"{&quot;background_background&quot;:&quot;classic&quot;}\">\n\t\t\t\t<div class=\"elementor-element elementor-element-83e0111 elementor-widget elementor-widget-heading\" data-id=\"83e0111\" data-element_type=\"widget\" data-widget_type=\"heading.default\">\n\t\t\t\t<div class=\"elementor-widget-container\">\n\t\t\t\t\t<h3 class=\"elementor-heading-title elementor-size-default\">Avulsion dent de sagesse<\/h3>\t\t\t\t<\/div>\n\t\t\t\t<\/div>\n\t\t\t\t<div class=\"elementor-element elementor-element-c24afe8 elementor-align-center elementor-widget elementor-widget-button\" data-id=\"c24afe8\" data-element_type=\"widget\" data-widget_type=\"button.default\">\n\t\t\t\t<div class=\"elementor-widget-container\">\n\t\t\t\t\t\t\t\t\t<div class=\"elementor-button-wrapper\">\n\t\t\t\t\t<a class=\"elementor-button elementor-button-link elementor-size-sm elementor-animation-shrink\" href=\"https:\/\/www.cliniquedentairedenimes.fr\/index.php\/avulsion-dents-de-sagesse\/\">\n\t\t\t\t\t\t<span class=\"elementor-button-content-wrapper\">\n\t\t\t\t\t\t\t\t\t<span class=\"elementor-button-text\">En savoir plus <\/span>\n\t\t\t\t\t<\/span>\n\t\t\t\t\t<\/a>\n\t\t\t\t<\/div>\n\t\t\t\t\t\t\t\t<\/div>\n\t\t\t\t<\/div>\n\t\t\t\t<\/div>\n\t\t<div class=\"elementor-element elementor-element-0059e43 e-con-full e-flex e-con e-child\" data-id=\"0059e43\" data-element_type=\"container\" data-settings=\"{&quot;background_background&quot;:&quot;classic&quot;}\">\n\t\t\t\t<div class=\"elementor-element elementor-element-29c8477 elementor-widget elementor-widget-heading\" data-id=\"29c8477\" data-element_type=\"widget\" data-widget_type=\"heading.default\">\n\t\t\t\t<div class=\"elementor-widget-container\">\n\t\t\t\t\t<h3 class=\"elementor-heading-title elementor-size-default\">Orthodontie par aligneurs<\/h3>\t\t\t\t<\/div>\n\t\t\t\t<\/div>\n\t\t\t\t<div class=\"elementor-element elementor-element-b5041be elementor-align-center elementor-widget elementor-widget-button\" data-id=\"b5041be\" data-element_type=\"widget\" data-widget_type=\"button.default\">\n\t\t\t\t<div class=\"elementor-widget-container\">\n\t\t\t\t\t\t\t\t\t<div class=\"elementor-button-wrapper\">\n\t\t\t\t\t<a class=\"elementor-button elementor-button-link elementor-size-sm elementor-animation-shrink\" href=\"https:\/\/www.cliniquedentairedenimes.fr\/index.php\/orthodontie\/\">\n\t\t\t\t\t\t<span class=\"elementor-button-content-wrapper\">\n\t\t\t\t\t\t\t\t\t<span class=\"elementor-button-text\">En savoir plus <\/span>\n\t\t\t\t\t<\/span>\n\t\t\t\t\t<\/a>\n\t\t\t\t<\/div>\n\t\t\t\t\t\t\t\t<\/div>\n\t\t\t\t<\/div>\n\t\t\t\t<\/div>\n\t\t\t\t\t<\/div>\n\t\t\t\t<\/div>\n\t\t<div class=\"elementor-element elementor-element-0ca4c06 e-flex e-con-boxed e-con e-parent\" data-id=\"0ca4c06\" data-element_type=\"container\" data-settings=\"{&quot;background_background&quot;:&quot;classic&quot;}\">\n\t\t\t\t\t<div class=\"e-con-inner\">\n\t\t<div class=\"elementor-element elementor-element-a2d077c e-con-full e-flex e-con e-child\" data-id=\"a2d077c\" data-element_type=\"container\" data-settings=\"{&quot;background_background&quot;:&quot;classic&quot;}\">\n\t\t\t\t<div class=\"elementor-element elementor-element-a021b31 elementor-widget elementor-widget-heading\" data-id=\"a021b31\" data-element_type=\"widget\" data-widget_type=\"heading.default\">\n\t\t\t\t<div class=\"elementor-widget-container\">\n\t\t\t\t\t<h3 class=\"elementor-heading-title elementor-size-default\">Esth\u00e9tique<\/h3>\t\t\t\t<\/div>\n\t\t\t\t<\/div>\n\t\t\t\t<div class=\"elementor-element elementor-element-7686583 elementor-align-center elementor-widget elementor-widget-button\" data-id=\"7686583\" data-element_type=\"widget\" data-widget_type=\"button.default\">\n\t\t\t\t<div class=\"elementor-widget-container\">\n\t\t\t\t\t\t\t\t\t<div class=\"elementor-button-wrapper\">\n\t\t\t\t\t<a class=\"elementor-button elementor-button-link elementor-size-sm elementor-animation-shrink\" href=\"https:\/\/www.cliniquedentairedenimes.fr\/index.php\/esthetique\/\">\n\t\t\t\t\t\t<span class=\"elementor-button-content-wrapper\">\n\t\t\t\t\t\t\t\t\t<span class=\"elementor-button-text\">En savoir plus <\/span>\n\t\t\t\t\t<\/span>\n\t\t\t\t\t<\/a>\n\t\t\t\t<\/div>\n\t\t\t\t\t\t\t\t<\/div>\n\t\t\t\t<\/div>\n\t\t\t\t<\/div>\n\t\t<div class=\"elementor-element elementor-element-2d820a2 e-con-full e-flex e-con e-child\" data-id=\"2d820a2\" data-element_type=\"container\" data-settings=\"{&quot;background_background&quot;:&quot;classic&quot;}\">\n\t\t\t\t<div class=\"elementor-element elementor-element-4763752 elementor-widget elementor-widget-heading\" data-id=\"4763752\" data-element_type=\"widget\" data-widget_type=\"heading.default\">\n\t\t\t\t<div class=\"elementor-widget-container\">\n\t\t\t\t\t<h3 class=\"elementor-heading-title elementor-size-default\">Acide Hyaluronique<\/h3>\t\t\t\t<\/div>\n\t\t\t\t<\/div>\n\t\t\t\t<div class=\"elementor-element elementor-element-8779d0c elementor-align-center elementor-widget elementor-widget-button\" data-id=\"8779d0c\" data-element_type=\"widget\" data-widget_type=\"button.default\">\n\t\t\t\t<div class=\"elementor-widget-container\">\n\t\t\t\t\t\t\t\t\t<div class=\"elementor-button-wrapper\">\n\t\t\t\t\t<a class=\"elementor-button elementor-button-link elementor-size-sm elementor-animation-shrink\" href=\"https:\/\/www.cliniquedentairedenimes.fr\/index.php\/acide\/\">\n\t\t\t\t\t\t<span class=\"elementor-button-content-wrapper\">\n\t\t\t\t\t\t\t\t\t<span class=\"elementor-button-text\">En savoir plus <\/span>\n\t\t\t\t\t<\/span>\n\t\t\t\t\t<\/a>\n\t\t\t\t<\/div>\n\t\t\t\t\t\t\t\t<\/div>\n\t\t\t\t<\/div>\n\t\t\t\t<\/div>\n\t\t\t\t\t<\/div>\n\t\t\t\t<\/div>\n\t\t\t\t<\/div>\n\t\t","protected":false},"excerpt":{"rendered":"<p>Nos Soins Implantologie En savoir plus Parodontologie En savoir plus P\u00e9dodontie En savoir plus Endodontie En savoir plus Orth\u00e8se Avanc\u00e9e Mandibulaire En savoir plus R\u00e9habilitation proth\u00e9tique En savoir plus Avulsion dent de sagesse En savoir plus Orthodontie par aligneurs En savoir plus Esth\u00e9tique En savoir plus Acide Hyaluronique En savoir plus<\/p>\n","protected":false},"author":1,"featured_media":0,"parent":0,"menu_order":0,"comment_status":"closed","ping_status":"closed","template":"","meta":{"footnotes":""},"class_list":["post-14","page","type-page","status-publish","hentry","entry"],"yoast_head":"<!-- This site is optimized with the Yoast SEO plugin v25.1 - https:\/\/yoast.com\/wordpress\/plugins\/seo\/ -->\n<title>Traitement dentaire - D\u00e9couvrez nos soins dentaires \u00e0 N\u00eemes<\/title>\n<meta name=\"description\" content=\"D\u00e9couvrez nos soins dentaires \u00e0 N\u00eemes : traitements personnalis\u00e9s, implants, orthodontie, soins acides et plus pour un sourire \u00e9clatant!\" \/>\n<meta name=\"robots\" content=\"index, follow, max-snippet:-1, max-image-preview:large, max-video-preview:-1\" \/>\n<link rel=\"canonical\" href=\"https:\/\/www.cliniquedentairedenimes.fr\/index.php\/traitement-dentaire\/\" \/>\n<meta property=\"og:locale\" content=\"fr_FR\" \/>\n<meta property=\"og:type\" content=\"article\" \/>\n<meta property=\"og:title\" content=\"Traitement dentaire - D\u00e9couvrez nos soins dentaires \u00e0 N\u00eemes\" \/>\n<meta property=\"og:description\" content=\"D\u00e9couvrez nos soins dentaires \u00e0 N\u00eemes : traitements personnalis\u00e9s, implants, orthodontie, soins acides et plus pour un sourire \u00e9clatant!\" \/>\n<meta property=\"og:url\" content=\"https:\/\/www.cliniquedentairedenimes.fr\/index.php\/traitement-dentaire\/\" \/>\n<meta property=\"og:site_name\" content=\"Clinique Dentaire de N\u00eemes\" \/>\n<meta property=\"article:modified_time\" content=\"2025-03-18T14:59:08+00:00\" \/>\n<meta name=\"twitter:card\" content=\"summary_large_image\" \/>\n<meta name=\"twitter:label1\" content=\"Dur\u00e9e de lecture estim\u00e9e\" \/>\n\t<meta name=\"twitter:data1\" content=\"1 minute\" \/>\n<script type=\"application\/ld+json\" class=\"yoast-schema-graph\">{\"@context\":\"https:\/\/schema.org\",\"@graph\":[{\"@type\":\"WebPage\",\"@id\":\"https:\/\/www.cliniquedentairedenimes.fr\/index.php\/traitement-dentaire\/\",\"url\":\"https:\/\/www.cliniquedentairedenimes.fr\/index.php\/traitement-dentaire\/\",\"name\":\"Traitement dentaire - D\u00e9couvrez nos soins dentaires \u00e0 N\u00eemes\",\"isPartOf\":{\"@id\":\"https:\/\/www.cliniquedentairedenimes.fr\/#website\"},\"datePublished\":\"2024-05-29T12:55:01+00:00\",\"dateModified\":\"2025-03-18T14:59:08+00:00\",\"description\":\"D\u00e9couvrez nos soins dentaires \u00e0 N\u00eemes : traitements personnalis\u00e9s, implants, orthodontie, soins acides et plus pour un sourire \u00e9clatant!\",\"breadcrumb\":{\"@id\":\"https:\/\/www.cliniquedentairedenimes.fr\/index.php\/traitement-dentaire\/#breadcrumb\"},\"inLanguage\":\"fr-FR\",\"potentialAction\":[{\"@type\":\"ReadAction\",\"target\":[\"https:\/\/www.cliniquedentairedenimes.fr\/index.php\/traitement-dentaire\/\"]}]},{\"@type\":\"BreadcrumbList\",\"@id\":\"https:\/\/www.cliniquedentairedenimes.fr\/index.php\/traitement-dentaire\/#breadcrumb\",\"itemListElement\":[{\"@type\":\"ListItem\",\"position\":1,\"name\":\"Accueil\",\"item\":\"https:\/\/www.cliniquedentairedenimes.fr\/\"},{\"@type\":\"ListItem\",\"position\":2,\"name\":\"Nos traitements\"}]},{\"@type\":\"WebSite\",\"@id\":\"https:\/\/www.cliniquedentairedenimes.fr\/#website\",\"url\":\"https:\/\/www.cliniquedentairedenimes.fr\/\",\"name\":\"Clinique Dentaire de N\u00eemes\",\"description\":\"Des soins dentaires par excellence\",\"publisher\":{\"@id\":\"https:\/\/www.cliniquedentairedenimes.fr\/#organization\"},\"potentialAction\":[{\"@type\":\"SearchAction\",\"target\":{\"@type\":\"EntryPoint\",\"urlTemplate\":\"https:\/\/www.cliniquedentairedenimes.fr\/?s={search_term_string}\"},\"query-input\":{\"@type\":\"PropertyValueSpecification\",\"valueRequired\":true,\"valueName\":\"search_term_string\"}}],\"inLanguage\":\"fr-FR\"},{\"@type\":\"Organization\",\"@id\":\"https:\/\/www.cliniquedentairedenimes.fr\/#organization\",\"name\":\"Clinique Dentaire de N\u00eemes\",\"url\":\"https:\/\/www.cliniquedentairedenimes.fr\/\",\"logo\":{\"@type\":\"ImageObject\",\"inLanguage\":\"fr-FR\",\"@id\":\"https:\/\/www.cliniquedentairedenimes.fr\/#\/schema\/logo\/image\/\",\"url\":\"https:\/\/www.cliniquedentairedenimes.fr\/wp-content\/uploads\/2024\/05\/Clinique-dentaire-de-nimes-vector-cec76c.svg\",\"contentUrl\":\"https:\/\/www.cliniquedentairedenimes.fr\/wp-content\/uploads\/2024\/05\/Clinique-dentaire-de-nimes-vector-cec76c.svg\",\"width\":1122,\"height\":425,\"caption\":\"Clinique Dentaire de N\u00eemes \"},\"image\":{\"@id\":\"https:\/\/www.cliniquedentairedenimes.fr\/#\/schema\/logo\/image\/\"}}]}<\/script>\n<!-- \/ Yoast SEO plugin. -->","yoast_head_json":{"title":"Traitement dentaire - D\u00e9couvrez nos soins dentaires \u00e0 N\u00eemes","description":"D\u00e9couvrez nos soins dentaires \u00e0 N\u00eemes : traitements personnalis\u00e9s, implants, orthodontie, soins acides et plus pour un sourire \u00e9clatant!","robots":{"index":"index","follow":"follow","max-snippet":"max-snippet:-1","max-image-preview":"max-image-preview:large","max-video-preview":"max-video-preview:-1"},"canonical":"https:\/\/www.cliniquedentairedenimes.fr\/index.php\/traitement-dentaire\/","og_locale":"fr_FR","og_type":"article","og_title":"Traitement dentaire - D\u00e9couvrez nos soins dentaires \u00e0 N\u00eemes","og_description":"D\u00e9couvrez nos soins dentaires \u00e0 N\u00eemes : traitements personnalis\u00e9s, implants, orthodontie, soins acides et plus pour un sourire \u00e9clatant!","og_url":"https:\/\/www.cliniquedentairedenimes.fr\/index.php\/traitement-dentaire\/","og_site_name":"Clinique Dentaire de N\u00eemes","article_modified_time":"2025-03-18T14:59:08+00:00","twitter_card":"summary_large_image","twitter_misc":{"Dur\u00e9e de lecture estim\u00e9e":"1 minute"},"schema":{"@context":"https:\/\/schema.org","@graph":[{"@type":"WebPage","@id":"https:\/\/www.cliniquedentairedenimes.fr\/index.php\/traitement-dentaire\/","url":"https:\/\/www.cliniquedentairedenimes.fr\/index.php\/traitement-dentaire\/","name":"Traitement dentaire - D\u00e9couvrez nos soins dentaires \u00e0 N\u00eemes","isPartOf":{"@id":"https:\/\/www.cliniquedentairedenimes.fr\/#website"},"datePublished":"2024-05-29T12:55:01+00:00","dateModified":"2025-03-18T14:59:08+00:00","description":"D\u00e9couvrez nos soins dentaires \u00e0 N\u00eemes : traitements personnalis\u00e9s, implants, orthodontie, soins acides et plus pour un sourire \u00e9clatant!","breadcrumb":{"@id":"https:\/\/www.cliniquedentairedenimes.fr\/index.php\/traitement-dentaire\/#breadcrumb"},"inLanguage":"fr-FR","potentialAction":[{"@type":"ReadAction","target":["https:\/\/www.cliniquedentairedenimes.fr\/index.php\/traitement-dentaire\/"]}]},{"@type":"BreadcrumbList","@id":"https:\/\/www.cliniquedentairedenimes.fr\/index.php\/traitement-dentaire\/#breadcrumb","itemListElement":[{"@type":"ListItem","position":1,"name":"Accueil","item":"https:\/\/www.cliniquedentairedenimes.fr\/"},{"@type":"ListItem","position":2,"name":"Nos traitements"}]},{"@type":"WebSite","@id":"https:\/\/www.cliniquedentairedenimes.fr\/#website","url":"https:\/\/www.cliniquedentairedenimes.fr\/","name":"Clinique Dentaire de N\u00eemes","description":"Des soins dentaires par excellence","publisher":{"@id":"https:\/\/www.cliniquedentairedenimes.fr\/#organization"},"potentialAction":[{"@type":"SearchAction","target":{"@type":"EntryPoint","urlTemplate":"https:\/\/www.cliniquedentairedenimes.fr\/?s={search_term_string}"},"query-input":{"@type":"PropertyValueSpecification","valueRequired":true,"valueName":"search_term_string"}}],"inLanguage":"fr-FR"},{"@type":"Organization","@id":"https:\/\/www.cliniquedentairedenimes.fr\/#organization","name":"Clinique Dentaire de N\u00eemes","url":"https:\/\/www.cliniquedentairedenimes.fr\/","logo":{"@type":"ImageObject","inLanguage":"fr-FR","@id":"https:\/\/www.cliniquedentairedenimes.fr\/#\/schema\/logo\/image\/","url":"https:\/\/www.cliniquedentairedenimes.fr\/wp-content\/uploads\/2024\/05\/Clinique-dentaire-de-nimes-vector-cec76c.svg","contentUrl":"https:\/\/www.cliniquedentairedenimes.fr\/wp-content\/uploads\/2024\/05\/Clinique-dentaire-de-nimes-vector-cec76c.svg","width":1122,"height":425,"caption":"Clinique Dentaire de N\u00eemes "},"image":{"@id":"https:\/\/www.cliniquedentairedenimes.fr\/#\/schema\/logo\/image\/"}}]}},"_links":{"self":[{"href":"https:\/\/www.cliniquedentairedenimes.fr\/index.php\/wp-json\/wp\/v2\/pages\/14","targetHints":{"allow":["GET"]}}],"collection":[{"href":"https:\/\/www.cliniquedentairedenimes.fr\/index.php\/wp-json\/wp\/v2\/pages"}],"about":[{"href":"https:\/\/www.cliniquedentairedenimes.fr\/index.php\/wp-json\/wp\/v2\/types\/page"}],"author":[{"embeddable":true,"href":"https:\/\/www.cliniquedentairedenimes.fr\/index.php\/wp-json\/wp\/v2\/users\/1"}],"replies":[{"embeddable":true,"href":"https:\/\/www.cliniquedentairedenimes.fr\/index.php\/wp-json\/wp\/v2\/comments?post=14"}],"version-history":[{"count":217,"href":"https:\/\/www.cliniquedentairedenimes.fr\/index.php\/wp-json\/wp\/v2\/pages\/14\/revisions"}],"predecessor-version":[{"id":3281,"href":"https:\/\/www.cliniquedentairedenimes.fr\/index.php\/wp-json\/wp\/v2\/pages\/14\/revisions\/3281"}],"wp:attachment":[{"href":"https:\/\/www.cliniquedentairedenimes.fr\/index.php\/wp-json\/wp\/v2\/media?parent=14"}],"curies":[{"name":"wp","href":"https:\/\/api.w.org\/{rel}","templated":true}]}}